{"id":1080,"date":"2019-01-23T06:31:06","date_gmt":"2019-01-23T06:31:06","guid":{"rendered":"https:\/\/xoxweed.com\/index.php\/home\/"},"modified":"2025-01-14T17:40:32","modified_gmt":"2025-01-14T17:40:32","slug":"home","status":"publish","type":"page","link":"https:\/\/xoxweed.com\/","title":{"rendered":"Inicio"},"content":{"rendered":"\t\t<div data-elementor-type=\"wp-post\" data-elementor-id=\"1080\" class=\"elementor elementor-1080\">\n\t\t\t\t\t\t<section class=\"elementor-section elementor-top-section elementor-element elementor-element-390a7e6 elementor-section-full_width elementor-section-height-default elementor-section-height-default\" data-id=\"390a7e6\" data-element_type=\"section\" data-settings=\"{&quot;background_background&quot;:&quot;gradient&quot;}\">\n\t\t\t\t\t\t<div class=\"elementor-container elementor-column-gap-no\">\n\t\t\t\t\t<div class=\"elementor-column elementor-col-100 elementor-top-column elementor-element elementor-element-d6ae3cd\" data-id=\"d6ae3cd\" data-element_type=\"column\">\n\t\t\t<div class=\"elementor-widget-wrap elementor-element-populated\">\n\t\t\t\t\t\t<section class=\"elementor-section elementor-inner-section elementor-element elementor-element-2c1e035 elementor-section-boxed elementor-section-height-default elementor-section-height-default elementor-invisible\" data-id=\"2c1e035\" data-element_type=\"section\" data-settings=\"{&quot;background_background&quot;:&quot;classic&quot;,&quot;animation&quot;:&quot;fadeInLeft&quot;}\">\n\t\t\t\t\t\t\t<div class=\"elementor-background-overlay\"><\/div>\n\t\t\t\t\t\t\t<div class=\"elementor-container elementor-column-gap-default\">\n\t\t\t\t\t<div class=\"elementor-column elementor-col-33 elementor-inner-column elementor-element elementor-element-e356fa1\" data-id=\"e356fa1\" data-element_type=\"column\">\n\t\t\t<div class=\"elementor-widget-wrap elementor-element-populated\">\n\t\t\t\t\t\t<div class=\"elementor-element elementor-element-096570c elementor-widget__width-initial elementor-widget-tablet__width-initial elementor-widget elementor-widget-heading\" data-id=\"096570c\" data-element_type=\"widget\" data-widget_type=\"heading.default\">\n\t\t\t\t<div class=\"elementor-widget-container\">\n\t\t\t\t\t<h2 class=\"elementor-heading-title elementor-size-default\"><br>CANNABIS<\/h2>\t\t\t\t<\/div>\n\t\t\t\t<\/div>\n\t\t\t\t<div class=\"elementor-element elementor-element-3f75d5e elementor-widget elementor-widget-heading\" data-id=\"3f75d5e\" data-element_type=\"widget\" data-widget_type=\"heading.default\">\n\t\t\t\t<div class=\"elementor-widget-container\">\n\t\t\t\t\t<h2 class=\"elementor-heading-title elementor-size-default\">al servicio de la humanidad<\/h2>\t\t\t\t<\/div>\n\t\t\t\t<\/div>\n\t\t\t\t<div class=\"elementor-element elementor-element-3f27746 elementor-align-center elementor-widget elementor-widget-button\" data-id=\"3f27746\" data-element_type=\"widget\" data-widget_type=\"button.default\">\n\t\t\t\t<div class=\"elementor-widget-container\">\n\t\t\t\t\t\t\t\t\t<div class=\"elementor-button-wrapper\">\n\t\t\t\t\t<a class=\"elementor-button elementor-button-link elementor-size-lg\" href=\"#\">\n\t\t\t\t\t\t<span class=\"elementor-button-content-wrapper\">\n\t\t\t\t\t\t\t\t\t<span class=\"elementor-button-text\">conozca nuestras marcas<\/span>\n\t\t\t\t\t<\/span>\n\t\t\t\t\t<\/a>\n\t\t\t\t<\/div>\n\t\t\t\t\t\t\t\t<\/div>\n\t\t\t\t<\/div>\n\t\t\t\t\t<\/div>\n\t\t<\/div>\n\t\t\t\t<div class=\"elementor-column elementor-col-66 elementor-inner-column elementor-element elementor-element-cd76686\" data-id=\"cd76686\" data-element_type=\"column\">\n\t\t\t<div class=\"elementor-widget-wrap elementor-element-populated\">\n\t\t\t\t\t\t<div class=\"elementor-element elementor-element-cb638e1 elementor-widget elementor-widget-image\" data-id=\"cb638e1\" data-element_type=\"widget\" data-widget_type=\"image.default\">\n\t\t\t\t<div class=\"elementor-widget-container\">\n\t\t\t\t\t\t\t\t\t\t\t\t\t\t\t<img fetchpriority=\"high\" decoding=\"async\" width=\"1024\" height=\"808\" src=\"https:\/\/xoxweed.com\/wp-content\/uploads\/2023\/05\/cropped-logo-xoxweed-01-1024x808.png\" class=\"attachment-large size-large wp-image-1831\" alt=\"\" srcset=\"https:\/\/xoxweed.com\/wp-content\/uploads\/2023\/05\/cropped-logo-xoxweed-01-1024x808.png 1024w, https:\/\/xoxweed.com\/wp-content\/uploads\/2023\/05\/cropped-logo-xoxweed-01-600x473.png 600w, https:\/\/xoxweed.com\/wp-content\/uploads\/2023\/05\/cropped-logo-xoxweed-01-300x237.png 300w, https:\/\/xoxweed.com\/wp-content\/uploads\/2023\/05\/cropped-logo-xoxweed-01-768x606.png 768w, https:\/\/xoxweed.com\/wp-content\/uploads\/2023\/05\/cropped-logo-xoxweed-01-1536x1212.png 1536w, https:\/\/xoxweed.com\/wp-content\/uploads\/2023\/05\/cropped-logo-xoxweed-01-2048x1615.png 2048w\" sizes=\"(max-width: 1024px) 100vw, 1024px\" \/>\t\t\t\t\t\t\t\t\t\t\t\t\t\t\t<\/div>\n\t\t\t\t<\/div>\n\t\t\t\t\t<\/div>\n\t\t<\/div>\n\t\t\t\t\t<\/div>\n\t\t<\/section>\n\t\t\t\t\t<\/div>\n\t\t<\/div>\n\t\t\t\t\t<\/div>\n\t\t<\/section>\n\t\t\t\t<section class=\"elementor-section elementor-top-section elementor-element elementor-element-nvts701 elementor-section-content-middle elementor-section-boxed elementor-section-height-default elementor-section-height-default\" data-id=\"nvts701\" data-element_type=\"section\" data-settings=\"{&quot;background_background&quot;:&quot;classic&quot;}\">\n\t\t\t\t\t\t\t<div class=\"elementor-background-overlay\"><\/div>\n\t\t\t\t\t\t\t<div class=\"elementor-container elementor-column-gap-no\">\n\t\t\t\t\t<div class=\"elementor-column elementor-col-50 elementor-top-column elementor-element elementor-element-47d11e6\" data-id=\"47d11e6\" data-element_type=\"column\">\n\t\t\t<div class=\"elementor-widget-wrap elementor-element-populated\">\n\t\t\t\t\t\t<div class=\"elementor-element elementor-element-51240be elementor-widget elementor-widget-image\" data-id=\"51240be\" data-element_type=\"widget\" data-widget_type=\"image.default\">\n\t\t\t\t<div class=\"elementor-widget-container\">\n\t\t\t\t\t\t\t\t\t\t\t\t\t\t\t<img decoding=\"async\" width=\"853\" height=\"1280\" src=\"https:\/\/xoxweed.com\/wp-content\/uploads\/2023\/09\/marijuana-leaf-5315563_1280.jpg\" class=\"attachment-full size-full wp-image-1976\" alt=\"\" srcset=\"https:\/\/xoxweed.com\/wp-content\/uploads\/2023\/09\/marijuana-leaf-5315563_1280.jpg 853w, https:\/\/xoxweed.com\/wp-content\/uploads\/2023\/09\/marijuana-leaf-5315563_1280-200x300.jpg 200w, https:\/\/xoxweed.com\/wp-content\/uploads\/2023\/09\/marijuana-leaf-5315563_1280-682x1024.jpg 682w, https:\/\/xoxweed.com\/wp-content\/uploads\/2023\/09\/marijuana-leaf-5315563_1280-768x1152.jpg 768w, https:\/\/xoxweed.com\/wp-content\/uploads\/2023\/09\/marijuana-leaf-5315563_1280-600x900.jpg 600w\" sizes=\"(max-width: 853px) 100vw, 853px\" \/>\t\t\t\t\t\t\t\t\t\t\t\t\t\t\t<\/div>\n\t\t\t\t<\/div>\n\t\t\t\t\t<\/div>\n\t\t<\/div>\n\t\t\t\t<div class=\"elementor-column elementor-col-50 elementor-top-column elementor-element elementor-element-e68dcfe\" data-id=\"e68dcfe\" data-element_type=\"column\">\n\t\t\t<div class=\"elementor-widget-wrap elementor-element-populated\">\n\t\t\t\t\t\t<div class=\"elementor-element elementor-element-a0ce042 elementor-widget elementor-widget-heading\" data-id=\"a0ce042\" data-element_type=\"widget\" data-widget_type=\"heading.default\">\n\t\t\t\t<div class=\"elementor-widget-container\">\n\t\t\t\t\t<h5 class=\"elementor-heading-title elementor-size-default\">Somos <\/h5>\t\t\t\t<\/div>\n\t\t\t\t<\/div>\n\t\t\t\t<div class=\"elementor-element elementor-element-ff0f137 elementor-widget elementor-widget-heading\" data-id=\"ff0f137\" data-element_type=\"widget\" data-widget_type=\"heading.default\">\n\t\t\t\t<div class=\"elementor-widget-container\">\n\t\t\t\t\t<h1 class=\"elementor-heading-title elementor-size-default\">xoxweed<\/h1>\t\t\t\t<\/div>\n\t\t\t\t<\/div>\n\t\t\t\t<div class=\"elementor-element elementor-element-72da1a5 elementor-widget elementor-widget-text-editor\" data-id=\"72da1a5\" data-element_type=\"widget\" data-widget_type=\"text-editor.default\">\n\t\t\t\t<div class=\"elementor-widget-container\">\n\t\t\t\t\t\t\t\t\t<p><strong>Representamos una oportunidad de inversi\u00f3n \u00fanica y emocionante que combina el potencial lucrativo de la industria del cannabis con un compromiso s\u00f3lido hacia el bienestar y la salud de las personas. Creemos en el poder transformador del cannabis, tanto en su aplicaci\u00f3n medicinal para aliviar el sufrimiento como en su uso recreativo responsable para mejorar la calidad de vida.<\/strong><\/p><p><strong>Nuestra visi\u00f3n es crear un mundo donde la innovaci\u00f3n y la responsabilidad convergen en un solo lugar, ofreciendo a los inversores la oportunidad de ser parte de una empresa que no solo busca el \u00e9xito financiero, sino tambi\u00e9n el impacto positivo en la sociedad y la salud de las personas.<\/strong><\/p><p><strong>\u00a1\u00danete a nosotros en esta emocionante traves\u00eda de inversi\u00f3n que tiene el potencial de cambiar vidas y generar beneficios!<\/strong><\/p>\t\t\t\t\t\t\t\t<\/div>\n\t\t\t\t<\/div>\n\t\t\t\t<section class=\"elementor-section elementor-inner-section elementor-element elementor-element-f543561 elementor-section-boxed elementor-section-height-default elementor-section-height-default\" data-id=\"f543561\" data-element_type=\"section\">\n\t\t\t\t\t\t<div class=\"elementor-container elementor-column-gap-default\">\n\t\t\t\t\t<div class=\"elementor-column elementor-col-50 elementor-inner-column elementor-element elementor-element-c84e4fd\" data-id=\"c84e4fd\" data-element_type=\"column\">\n\t\t\t<div class=\"elementor-widget-wrap elementor-element-populated\">\n\t\t\t\t\t\t<div class=\"elementor-element elementor-element-a6dde25 elementor-align-justify elementor-widget elementor-widget-button\" data-id=\"a6dde25\" data-element_type=\"widget\" data-widget_type=\"button.default\">\n\t\t\t\t<div class=\"elementor-widget-container\">\n\t\t\t\t\t\t\t\t\t<div class=\"elementor-button-wrapper\">\n\t\t\t\t\t<a class=\"elementor-button elementor-button-link elementor-size-md\" href=\"#\">\n\t\t\t\t\t\t<span class=\"elementor-button-content-wrapper\">\n\t\t\t\t\t\t\t\t\t<span class=\"elementor-button-text\">Nuestra Historia<\/span>\n\t\t\t\t\t<\/span>\n\t\t\t\t\t<\/a>\n\t\t\t\t<\/div>\n\t\t\t\t\t\t\t\t<\/div>\n\t\t\t\t<\/div>\n\t\t\t\t\t<\/div>\n\t\t<\/div>\n\t\t\t\t<div class=\"elementor-column elementor-col-50 elementor-inner-column elementor-element elementor-element-083156d\" data-id=\"083156d\" data-element_type=\"column\">\n\t\t\t<div class=\"elementor-widget-wrap elementor-element-populated\">\n\t\t\t\t\t\t<div class=\"elementor-element elementor-element-0fe01bb elementor-align-justify elementor-widget elementor-widget-button\" data-id=\"0fe01bb\" data-element_type=\"widget\" data-widget_type=\"button.default\">\n\t\t\t\t<div class=\"elementor-widget-container\">\n\t\t\t\t\t\t\t\t\t<div class=\"elementor-button-wrapper\">\n\t\t\t\t\t<a class=\"elementor-button elementor-size-md\" role=\"button\">\n\t\t\t\t\t\t<span class=\"elementor-button-content-wrapper\">\n\t\t\t\t\t\t\t\t\t<span class=\"elementor-button-text\">Nuestros inversionistas<\/span>\n\t\t\t\t\t<\/span>\n\t\t\t\t\t<\/a>\n\t\t\t\t<\/div>\n\t\t\t\t\t\t\t\t<\/div>\n\t\t\t\t<\/div>\n\t\t\t\t\t<\/div>\n\t\t<\/div>\n\t\t\t\t\t<\/div>\n\t\t<\/section>\n\t\t\t\t\t<\/div>\n\t\t<\/div>\n\t\t\t\t\t<\/div>\n\t\t<\/section>\n\t\t\t\t<section class=\"elementor-section elementor-top-section elementor-element elementor-element-4vsgrh0 elementor-section-content-middle elementor-section-boxed elementor-section-height-default elementor-section-height-default\" data-id=\"4vsgrh0\" data-element_type=\"section\" data-settings=\"{&quot;background_background&quot;:&quot;classic&quot;}\">\n\t\t\t\t\t\t\t<div class=\"elementor-background-overlay\"><\/div>\n\t\t\t\t\t\t\t<div class=\"elementor-container elementor-column-gap-no\">\n\t\t\t\t\t<div class=\"elementor-column elementor-col-100 elementor-top-column elementor-element elementor-element-8a89b00\" data-id=\"8a89b00\" data-element_type=\"column\">\n\t\t\t<div class=\"elementor-widget-wrap elementor-element-populated\">\n\t\t\t\t\t\t<div class=\"elementor-element elementor-element-d3507a1 elementor-widget elementor-widget-heading\" data-id=\"d3507a1\" data-element_type=\"widget\" data-widget_type=\"heading.default\">\n\t\t\t\t<div class=\"elementor-widget-container\">\n\t\t\t\t\t<h2 class=\"elementor-heading-title elementor-size-default\">NUESTRAS MARCAS<\/h2>\t\t\t\t<\/div>\n\t\t\t\t<\/div>\n\t\t\t\t<div class=\"elementor-element elementor-element-669c207 elementor-widget elementor-widget-text-editor\" data-id=\"669c207\" data-element_type=\"widget\" data-widget_type=\"text-editor.default\">\n\t\t\t\t<div class=\"elementor-widget-container\">\n\t\t\t\t\t\t\t\t\t<p>Donde la innovaci\u00f3n, la responsabilidad y el bienestar se unen en dispensarios premium, productos y experiencias dise\u00f1ados con cuidado en mente.<\/p>\t\t\t\t\t\t\t\t<\/div>\n\t\t\t\t<\/div>\n\t\t\t\t<section class=\"elementor-section elementor-inner-section elementor-element elementor-element-27580f2 elementor-section-boxed elementor-section-height-default elementor-section-height-default\" data-id=\"27580f2\" data-element_type=\"section\">\n\t\t\t\t\t\t<div class=\"elementor-container elementor-column-gap-wider\">\n\t\t\t\t\t<div class=\"elementor-column elementor-col-33 elementor-inner-column elementor-element elementor-element-e1e3ab4\" data-id=\"e1e3ab4\" data-element_type=\"column\">\n\t\t\t<div class=\"elementor-widget-wrap elementor-element-populated\">\n\t\t\t\t\t\t<div class=\"elementor-element elementor-element-4cbad91 elementor-position-top elementor-widget elementor-widget-image-box\" data-id=\"4cbad91\" data-element_type=\"widget\" data-widget_type=\"image-box.default\">\n\t\t\t\t<div class=\"elementor-widget-container\">\n\t\t\t\t\t<div class=\"elementor-image-box-wrapper\"><figure class=\"elementor-image-box-img\"><img decoding=\"async\" width=\"2426\" height=\"1913\" src=\"https:\/\/xoxweed.com\/wp-content\/uploads\/2023\/09\/BOTICANNABIS-LOGO-PERFIL_Mesa-de-trabajo-1.jpg\" class=\"attachment-full size-full wp-image-1989\" alt=\"\" srcset=\"https:\/\/xoxweed.com\/wp-content\/uploads\/2023\/09\/BOTICANNABIS-LOGO-PERFIL_Mesa-de-trabajo-1.jpg 2426w, https:\/\/xoxweed.com\/wp-content\/uploads\/2023\/09\/BOTICANNABIS-LOGO-PERFIL_Mesa-de-trabajo-1-300x237.jpg 300w, https:\/\/xoxweed.com\/wp-content\/uploads\/2023\/09\/BOTICANNABIS-LOGO-PERFIL_Mesa-de-trabajo-1-1024x807.jpg 1024w, https:\/\/xoxweed.com\/wp-content\/uploads\/2023\/09\/BOTICANNABIS-LOGO-PERFIL_Mesa-de-trabajo-1-768x606.jpg 768w, https:\/\/xoxweed.com\/wp-content\/uploads\/2023\/09\/BOTICANNABIS-LOGO-PERFIL_Mesa-de-trabajo-1-1536x1211.jpg 1536w, https:\/\/xoxweed.com\/wp-content\/uploads\/2023\/09\/BOTICANNABIS-LOGO-PERFIL_Mesa-de-trabajo-1-2048x1615.jpg 2048w, https:\/\/xoxweed.com\/wp-content\/uploads\/2023\/09\/BOTICANNABIS-LOGO-PERFIL_Mesa-de-trabajo-1-600x473.jpg 600w\" sizes=\"(max-width: 2426px) 100vw, 2426px\" \/><\/figure><div class=\"elementor-image-box-content\"><h3 class=\"elementor-image-box-title\">BOTICANNABIS<\/h3><p class=\"elementor-image-box-description\">El Cannabis para la salud y la belleza<\/p><\/div><\/div>\t\t\t\t<\/div>\n\t\t\t\t<\/div>\n\t\t\t\t\t<\/div>\n\t\t<\/div>\n\t\t\t\t<div class=\"elementor-column elementor-col-33 elementor-inner-column elementor-element elementor-element-45b6bfd\" data-id=\"45b6bfd\" data-element_type=\"column\">\n\t\t\t<div class=\"elementor-widget-wrap elementor-element-populated\">\n\t\t\t\t\t\t<div class=\"elementor-element elementor-element-1a08a42 elementor-position-top elementor-widget elementor-widget-image-box\" data-id=\"1a08a42\" data-element_type=\"widget\" data-widget_type=\"image-box.default\">\n\t\t\t\t<div class=\"elementor-widget-container\">\n\t\t\t\t\t<div class=\"elementor-image-box-wrapper\"><figure class=\"elementor-image-box-img\"><img loading=\"lazy\" decoding=\"async\" width=\"671\" height=\"547\" src=\"https:\/\/xoxweed.com\/wp-content\/uploads\/2023\/09\/FITOCANNABIS-01.jpg\" class=\"attachment-full size-full wp-image-1990\" alt=\"\" srcset=\"https:\/\/xoxweed.com\/wp-content\/uploads\/2023\/09\/FITOCANNABIS-01.jpg 671w, https:\/\/xoxweed.com\/wp-content\/uploads\/2023\/09\/FITOCANNABIS-01-300x245.jpg 300w, https:\/\/xoxweed.com\/wp-content\/uploads\/2023\/09\/FITOCANNABIS-01-600x489.jpg 600w\" sizes=\"(max-width: 671px) 100vw, 671px\" \/><\/figure><div class=\"elementor-image-box-content\"><h3 class=\"elementor-image-box-title\">FITOCANNABIS<\/h3><p class=\"elementor-image-box-description\">Todo lo relacionado con el cannabis<\/p><\/div><\/div>\t\t\t\t<\/div>\n\t\t\t\t<\/div>\n\t\t\t\t\t<\/div>\n\t\t<\/div>\n\t\t\t\t<div class=\"elementor-column elementor-col-33 elementor-inner-column elementor-element elementor-element-647a367\" data-id=\"647a367\" data-element_type=\"column\">\n\t\t\t<div class=\"elementor-widget-wrap elementor-element-populated\">\n\t\t\t\t\t\t<div class=\"elementor-element elementor-element-8e7e33e elementor-position-top elementor-widget elementor-widget-image-box\" data-id=\"8e7e33e\" data-element_type=\"widget\" data-widget_type=\"image-box.default\">\n\t\t\t\t<div class=\"elementor-widget-container\">\n\t\t\t\t\t<div class=\"elementor-image-box-wrapper\"><figure class=\"elementor-image-box-img\"><img loading=\"lazy\" decoding=\"async\" width=\"1328\" height=\"1326\" src=\"https:\/\/xoxweed.com\/wp-content\/uploads\/2023\/09\/universidad-del-canabis-full_Mesa-de-trabajo-1.jpg\" class=\"attachment-full size-full wp-image-2001\" alt=\"\" srcset=\"https:\/\/xoxweed.com\/wp-content\/uploads\/2023\/09\/universidad-del-canabis-full_Mesa-de-trabajo-1.jpg 1328w, https:\/\/xoxweed.com\/wp-content\/uploads\/2023\/09\/universidad-del-canabis-full_Mesa-de-trabajo-1-300x300.jpg 300w, https:\/\/xoxweed.com\/wp-content\/uploads\/2023\/09\/universidad-del-canabis-full_Mesa-de-trabajo-1-1024x1022.jpg 1024w, https:\/\/xoxweed.com\/wp-content\/uploads\/2023\/09\/universidad-del-canabis-full_Mesa-de-trabajo-1-150x150.jpg 150w, https:\/\/xoxweed.com\/wp-content\/uploads\/2023\/09\/universidad-del-canabis-full_Mesa-de-trabajo-1-768x767.jpg 768w, https:\/\/xoxweed.com\/wp-content\/uploads\/2023\/09\/universidad-del-canabis-full_Mesa-de-trabajo-1-600x599.jpg 600w, https:\/\/xoxweed.com\/wp-content\/uploads\/2023\/09\/universidad-del-canabis-full_Mesa-de-trabajo-1-100x100.jpg 100w\" sizes=\"(max-width: 1328px) 100vw, 1328px\" \/><\/figure><div class=\"elementor-image-box-content\"><h3 class=\"elementor-image-box-title\">UNIVERSITY OF CANNABIS<\/h3><p class=\"elementor-image-box-description\">Aprenda todo del cannabis<\/p><\/div><\/div>\t\t\t\t<\/div>\n\t\t\t\t<\/div>\n\t\t\t\t\t<\/div>\n\t\t<\/div>\n\t\t\t\t\t<\/div>\n\t\t<\/section>\n\t\t\t\t\t<\/div>\n\t\t<\/div>\n\t\t\t\t\t<\/div>\n\t\t<\/section>\n\t\t\t\t<section class=\"elementor-section elementor-top-section elementor-element elementor-element-2d4c3e7 elementor-section-boxed elementor-section-height-default elementor-section-height-default\" data-id=\"2d4c3e7\" data-element_type=\"section\">\n\t\t\t\t\t\t<div class=\"elementor-container elementor-column-gap-no\">\n\t\t\t\t\t<div class=\"elementor-column elementor-col-33 elementor-top-column elementor-element elementor-element-9eda4ff\" data-id=\"9eda4ff\" data-element_type=\"column\">\n\t\t\t<div class=\"elementor-widget-wrap elementor-element-populated\">\n\t\t\t\t\t\t<div class=\"elementor-element elementor-element-9c77da5 elementor-widget elementor-widget-heading\" data-id=\"9c77da5\" data-element_type=\"widget\" data-widget_type=\"heading.default\">\n\t\t\t\t<div class=\"elementor-widget-container\">\n\t\t\t\t\t<h1 class=\"elementor-heading-title elementor-size-default\">COMPRA YA!<\/h1>\t\t\t\t<\/div>\n\t\t\t\t<\/div>\n\t\t\t\t<div class=\"elementor-element elementor-element-4b12e24 elementor-mobile-align-center elementor-widget elementor-widget-button\" data-id=\"4b12e24\" data-element_type=\"widget\" data-widget_type=\"button.default\">\n\t\t\t\t<div class=\"elementor-widget-container\">\n\t\t\t\t\t\t\t\t\t<div class=\"elementor-button-wrapper\">\n\t\t\t\t\t<a class=\"elementor-button elementor-button-link elementor-size-sm\" href=\"https:\/\/wa.me\/57320736283\">\n\t\t\t\t\t\t<span class=\"elementor-button-content-wrapper\">\n\t\t\t\t\t\t\t\t\t<span class=\"elementor-button-text\">CONT\u00c1CTANOS<\/span>\n\t\t\t\t\t<\/span>\n\t\t\t\t\t<\/a>\n\t\t\t\t<\/div>\n\t\t\t\t\t\t\t\t<\/div>\n\t\t\t\t<\/div>\n\t\t\t\t\t<\/div>\n\t\t<\/div>\n\t\t\t\t<div class=\"elementor-column elementor-col-66 elementor-top-column elementor-element elementor-element-98ee26a\" data-id=\"98ee26a\" data-element_type=\"column\">\n\t\t\t<div class=\"elementor-widget-wrap elementor-element-populated\">\n\t\t\t\t\t\t<div class=\"elementor-element elementor-element-12062fb elementor-widget elementor-widget-text-editor\" data-id=\"12062fb\" data-element_type=\"widget\" data-widget_type=\"text-editor.default\">\n\t\t\t\t<div class=\"elementor-widget-container\">\n\t\t\t\t\t\t\t\t\t<p>Descubre un rinc\u00f3n cerca de ti, donde personas comprometidas y productos de excelencia se combinan para brindar experiencias \u00fanicas a consumidores recreativos, pacientes m\u00e9dicos y apasionados del cannabis, guiados por nuestra dedicaci\u00f3n a la innovaci\u00f3n y la responsabilidad<\/p>\t\t\t\t\t\t\t\t<\/div>\n\t\t\t\t<\/div>\n\t\t\t\t\t<\/div>\n\t\t<\/div>\n\t\t\t\t\t<\/div>\n\t\t<\/section>\n\t\t\t\t<\/div>\n\t\t","protected":false},"excerpt":{"rendered":"<p>CANNABIS al servicio de la humanidad conozca nuestras marcas Somos xoxweed Representamos una oportunidad de inversi\u00f3n \u00fanica y emocionante que combina el potencial lucrativo de la industria del cannabis con un compromiso s\u00f3lido hacia el bienestar y la salud de las personas. Creemos en el poder transformador del cannabis, tanto en su aplicaci\u00f3n medicinal para [&hellip;]<\/p>\n","protected":false},"author":1,"featured_media":0,"parent":0,"menu_order":0,"comment_status":"closed","ping_status":"closed","template":"","meta":{"site-sidebar-layout":"no-sidebar","site-content-layout":"page-builder","ast-site-content-layout":"","site-content-style":"default","site-sidebar-style":"default","ast-global-header-display":"","ast-banner-title-visibility":"","ast-main-header-display":"","ast-hfb-above-header-display":"","ast-hfb-below-header-display":"","ast-hfb-mobile-header-display":"","site-post-title":"disabled","ast-breadcrumbs-content":"","ast-featured-img":"disabled","footer-sml-layout":"","theme-transparent-header-meta":"default","adv-header-id-meta":"","stick-header-meta":"","header-above-stick-meta":"","header-main-stick-meta":"","header-below-stick-meta":"","astra-migrate-meta-layouts":"default","ast-page-background-enabled":"default","ast-page-background-meta":{"desktop":{"background-color":"","background-image":"","background-repeat":"repeat","background-position":"center center","background-size":"auto","background-attachment":"scroll","background-type":"","background-media":"","overlay-type":"","overlay-color":"","overlay-opacity":"","overlay-gradient":""},"tablet":{"background-color":"","background-image":"","background-repeat":"repeat","background-position":"center center","background-size":"auto","background-attachment":"scroll","background-type":"","background-media":"","overlay-type":"","overlay-color":"","overlay-opacity":"","overlay-gradient":""},"mobile":{"background-color":"","background-image":"","background-repeat":"repeat","background-position":"center center","background-size":"auto","background-attachment":"scroll","background-type":"","background-media":"","overlay-type":"","overlay-color":"","overlay-opacity":"","overlay-gradient":""}},"ast-content-background-meta":{"desktop":{"background-color":"var(--ast-global-color-5)","background-image":"","background-repeat":"repeat","background-position":"center center","background-size":"auto","background-attachment":"scroll","background-type":"","background-media":"","overlay-type":"","overlay-color":"","overlay-opacity":"","overlay-gradient":""},"tablet":{"background-color":"var(--ast-global-color-5)","background-image":"","background-repeat":"repeat","background-position":"center center","background-size":"auto","background-attachment":"scroll","background-type":"","background-media":"","overlay-type":"","overlay-color":"","overlay-opacity":"","overlay-gradient":""},"mobile":{"background-color":"var(--ast-global-color-5)","background-image":"","background-repeat":"repeat","background-position":"center center","background-size":"auto","background-attachment":"scroll","background-type":"","background-media":"","overlay-type":"","overlay-color":"","overlay-opacity":"","overlay-gradient":""}},"footnotes":""},"class_list":["post-1080","page","type-page","status-publish","hentry"],"_links":{"self":[{"href":"https:\/\/xoxweed.com\/index.php\/wp-json\/wp\/v2\/pages\/1080","targetHints":{"allow":["GET"]}}],"collection":[{"href":"https:\/\/xoxweed.com\/index.php\/wp-json\/wp\/v2\/pages"}],"about":[{"href":"https:\/\/xoxweed.com\/index.php\/wp-json\/wp\/v2\/types\/page"}],"author":[{"embeddable":true,"href":"https:\/\/xoxweed.com\/index.php\/wp-json\/wp\/v2\/users\/1"}],"replies":[{"embeddable":true,"href":"https:\/\/xoxweed.com\/index.php\/wp-json\/wp\/v2\/comments?post=1080"}],"version-history":[{"count":70,"href":"https:\/\/xoxweed.com\/index.php\/wp-json\/wp\/v2\/pages\/1080\/revisions"}],"predecessor-version":[{"id":2022,"href":"https:\/\/xoxweed.com\/index.php\/wp-json\/wp\/v2\/pages\/1080\/revisions\/2022"}],"wp:attachment":[{"href":"https:\/\/xoxweed.com\/index.php\/wp-json\/wp\/v2\/media?parent=1080"}],"curies":[{"name":"wp","href":"https:\/\/api.w.org\/{rel}","templated":true}]}}